{"id":14,"date":"2021-03-16T08:44:11","date_gmt":"2021-03-16T08:44:11","guid":{"rendered":"https:\/\/www.stephaniereflexesprimitifs.fr\/?page_id=14"},"modified":"2026-04-25T16:22:21","modified_gmt":"2026-04-25T16:22:21","slug":"accueil","status":"publish","type":"page","link":"https:\/\/www.stephaniereflexesprimitifs.fr\/","title":{"rendered":"Accueil"},"content":{"rendered":"","protected":false},"excerpt":{"rendered":"","protected":false},"author":1,"featured_media":0,"parent":0,"menu_order":0,"comment_status":"closed","ping_status":"closed","template":"","meta":{"footnotes":""},"class_list":["post-14","page","type-page","status-publish","hentry"],"yoast_head":"<!-- This site is optimized with the Yoast SEO plugin v16.1.1 - https:\/\/yoast.com\/wordpress\/plugins\/seo\/ -->\n<title>St\u00e9phanie Le Calvez Poteaux<\/title>\n<meta name=\"description\" content=\"Praticienne en int\u00e9gration des R\u00e9flexes Primitifs \u00e0 Rueil-Malmaison\" \/>\n<link rel=\"canonical\" href=\"https:\/\/www.stephaniereflexesprimitifs.fr\/\" \/>\n<meta property=\"og:locale\" content=\"fr_FR\" \/>\n<meta property=\"og:type\" content=\"article\" \/>\n<meta property=\"og:title\" content=\"St\u00e9phanie Le Calvez Poteaux\" \/>\n<meta property=\"og:description\" content=\"Praticienne en int\u00e9gration des R\u00e9flexes Primitifs \u00e0 Rueil-Malmaison\" \/>\n<meta property=\"og:url\" content=\"https:\/\/www.stephaniereflexesprimitifs.fr\/\" \/>\n<meta property=\"og:site_name\" content=\"St\u00e9phanie Le Calvez Poteaux\" \/>\n<meta property=\"article:modified_time\" content=\"2026-04-25T16:22:21+00:00\" \/>\n<meta name=\"twitter:card\" content=\"summary_large_image\" \/>\n<script type=\"application\/ld+json\" class=\"yoast-schema-graph\">{\"@context\":\"https:\/\/schema.org\",\"@graph\":[{\"@type\":[\"Person\",\"Organization\"],\"@id\":\"https:\/\/www.stephaniereflexesprimitifs.fr\/#\/schema\/person\/6e8b684b9adebd1f49acc5ff7c4c18f3\",\"name\":\"St\\u00e9phanie Le Calvez Poteaux\",\"image\":{\"@type\":\"ImageObject\",\"@id\":\"https:\/\/www.stephaniereflexesprimitifs.fr\/#personlogo\",\"inLanguage\":\"fr-FR\",\"url\":\"https:\/\/www.stephaniereflexesprimitifs.fr\/wp-content\/uploads\/2021\/04\/Logo_RVB_Plan-de-travail-1-copie-1.png\",\"contentUrl\":\"https:\/\/www.stephaniereflexesprimitifs.fr\/wp-content\/uploads\/2021\/04\/Logo_RVB_Plan-de-travail-1-copie-1.png\",\"width\":2960,\"height\":1656,\"caption\":\"St\\u00e9phanie Le Calvez Poteaux\"},\"logo\":{\"@id\":\"https:\/\/www.stephaniereflexesprimitifs.fr\/#personlogo\"}},{\"@type\":\"WebSite\",\"@id\":\"https:\/\/www.stephaniereflexesprimitifs.fr\/#website\",\"url\":\"https:\/\/www.stephaniereflexesprimitifs.fr\/\",\"name\":\"St\\u00e9phanie Le Calvez Poteaux\",\"description\":\"Praticienne en int\\u00e9gration des R\\u00e9flexes Primitifs \\u00e0 Rueil-Malmaison\",\"publisher\":{\"@id\":\"https:\/\/www.stephaniereflexesprimitifs.fr\/#\/schema\/person\/6e8b684b9adebd1f49acc5ff7c4c18f3\"},\"potentialAction\":[{\"@type\":\"SearchAction\",\"target\":\"https:\/\/www.stephaniereflexesprimitifs.fr\/?s={search_term_string}\",\"query-input\":\"required name=search_term_string\"}],\"inLanguage\":\"fr-FR\"},{\"@type\":\"WebPage\",\"@id\":\"https:\/\/www.stephaniereflexesprimitifs.fr\/#webpage\",\"url\":\"https:\/\/www.stephaniereflexesprimitifs.fr\/\",\"name\":\"St\\u00e9phanie Le Calvez Poteaux\",\"isPartOf\":{\"@id\":\"https:\/\/www.stephaniereflexesprimitifs.fr\/#website\"},\"datePublished\":\"2021-03-16T08:44:11+00:00\",\"dateModified\":\"2026-04-25T16:22:21+00:00\",\"description\":\"Praticienne en int\\u00e9gration des R\\u00e9flexes Primitifs \\u00e0 Rueil-Malmaison\",\"breadcrumb\":{\"@id\":\"https:\/\/www.stephaniereflexesprimitifs.fr\/#breadcrumb\"},\"inLanguage\":\"fr-FR\",\"potentialAction\":[{\"@type\":\"ReadAction\",\"target\":[\"https:\/\/www.stephaniereflexesprimitifs.fr\/\"]}]},{\"@type\":\"BreadcrumbList\",\"@id\":\"https:\/\/www.stephaniereflexesprimitifs.fr\/#breadcrumb\",\"itemListElement\":[{\"@type\":\"ListItem\",\"position\":1,\"item\":{\"@type\":\"WebPage\",\"@id\":\"https:\/\/www.stephaniereflexesprimitifs.fr\/\",\"url\":\"https:\/\/www.stephaniereflexesprimitifs.fr\/\",\"name\":\"Accueil\"}},{\"@type\":\"ListItem\",\"position\":2,\"item\":{\"@type\":\"WebPage\",\"@id\":\"https:\/\/www.stephaniereflexesprimitifs.fr\/\",\"url\":\"https:\/\/www.stephaniereflexesprimitifs.fr\/\",\"name\":\"Accueil\"}}]}]}<\/script>\n<!-- \/ Yoast SEO plugin. -->","_links":{"self":[{"href":"https:\/\/www.stephaniereflexesprimitifs.fr\/index.php?rest_route=\/wp\/v2\/pages\/14","targetHints":{"allow":["GET"]}}],"collection":[{"href":"https:\/\/www.stephaniereflexesprimitifs.fr\/index.php?rest_route=\/wp\/v2\/pages"}],"about":[{"href":"https:\/\/www.stephaniereflexesprimitifs.fr\/index.php?rest_route=\/wp\/v2\/types\/page"}],"author":[{"embeddable":true,"href":"https:\/\/www.stephaniereflexesprimitifs.fr\/index.php?rest_route=\/wp\/v2\/users\/1"}],"replies":[{"embeddable":true,"href":"https:\/\/www.stephaniereflexesprimitifs.fr\/index.php?rest_route=%2Fwp%2Fv2%2Fcomments&post=14"}],"version-history":[{"count":228,"href":"https:\/\/www.stephaniereflexesprimitifs.fr\/index.php?rest_route=\/wp\/v2\/pages\/14\/revisions"}],"predecessor-version":[{"id":416,"href":"https:\/\/www.stephaniereflexesprimitifs.fr\/index.php?rest_route=\/wp\/v2\/pages\/14\/revisions\/416"}],"wp:attachment":[{"href":"https:\/\/www.stephaniereflexesprimitifs.fr\/index.php?rest_route=%2Fwp%2Fv2%2Fmedia&parent=14"}],"curies":[{"name":"wp","href":"https:\/\/api.w.org\/{rel}","templated":true}]}}